{"id":17,"date":"2024-12-02T18:50:24","date_gmt":"2024-12-02T18:50:24","guid":{"rendered":"https:\/\/cmpx.hu\/varnaigyula\/?page_id=17"},"modified":"2025-08-10T06:35:13","modified_gmt":"2025-08-10T06:35:13","slug":"biography","status":"publish","type":"page","link":"https:\/\/varnaigyula.hu\/en\/biography\/","title":{"rendered":"Biography"},"content":{"rendered":"<p>1956. okt\u00f3ber 17-\u00e9n sz\u00fcletett Kazincbarcik\u00e1n.<br \/>\nDuna\u00fajv\u00e1rosban \u00e9l \u00e9s dolgozik.<\/p>\n<p>&nbsp;<\/p>","protected":false},"excerpt":{"rendered":"<p>1956. okt\u00f3ber 17-\u00e9n sz\u00fcletett Kazincbarcik\u00e1n. Duna\u00fajv\u00e1rosban \u00e9l \u00e9s dolgozik. &nbsp;<\/p>","protected":false},"author":1,"featured_media":0,"parent":0,"menu_order":0,"comment_status":"closed","ping_status":"closed","template":"biography.php","meta":{"footnotes":""},"class_list":["post-17","page","type-page","status-publish","hentry"],"_links":{"self":[{"href":"https:\/\/varnaigyula.hu\/en\/wp-json\/wp\/v2\/pages\/17","targetHints":{"allow":["GET"]}}],"collection":[{"href":"https:\/\/varnaigyula.hu\/en\/wp-json\/wp\/v2\/pages"}],"about":[{"href":"https:\/\/varnaigyula.hu\/en\/wp-json\/wp\/v2\/types\/page"}],"author":[{"embeddable":true,"href":"https:\/\/varnaigyula.hu\/en\/wp-json\/wp\/v2\/users\/1"}],"replies":[{"embeddable":true,"href":"https:\/\/varnaigyula.hu\/en\/wp-json\/wp\/v2\/comments?post=17"}],"version-history":[{"count":0,"href":"https:\/\/varnaigyula.hu\/en\/wp-json\/wp\/v2\/pages\/17\/revisions"}],"wp:attachment":[{"href":"https:\/\/varnaigyula.hu\/en\/wp-json\/wp\/v2\/media?parent=17"}],"curies":[{"name":"wp","href":"https:\/\/api.w.org\/{rel}","templated":true}]}}